{"id":16810,"date":"2024-01-24T08:57:01","date_gmt":"2024-01-24T08:57:01","guid":{"rendered":"https:\/\/murphyhome.com.mx\/producto\/oficina-en-ciudad-de-mexico\/"},"modified":"2024-02-19T05:04:21","modified_gmt":"2024-02-19T05:04:21","slug":"oficina-en-ciudad-de-mexico","status":"publish","type":"product","link":"https:\/\/murphyhome.com.mx\/zh-hans\/producto\/oficina-en-ciudad-de-mexico\/","title":{"rendered":"Oficina en Ciudad de M\u00e9xico"},"content":{"rendered":"<p>Esta oficina en la Condesa se presenta como una excelente opci\u00f3n de renta, ofreciendo comodidad y funcionalidad en una ubicaci\u00f3n privilegiada. Con una direcci\u00f3n en Av. Jos\u00e9 Vasconcelos, Colonia La Condesa, la oficina abarca 150 m2 de espacio bien distribuido. La propiedad cuenta con la conveniencia de 4 lugares de estacionamiento por cada piso, asegurando accesibilidad para tu equipo.<\/p>\n<p>Adem\u00e1s, se eleva sobre la competencia con un ascensor, facilitando el acceso a las distintas \u00e1reas. Su ubicaci\u00f3n estrat\u00e9gica frente al metro Juanacatl\u00e1n proporciona una conexi\u00f3n directa y conveniente para tu equipo y visitantes.<\/p>\n<p>La renta mensual es de $50,000.00 MXN,e incluye un mantenimiento mensual de $8,600.00 MXN, asegurando que las instalaciones se mantengan en perfectas condiciones para tu comodidad. No dudes en ponerte en contacto con nosotros para obtener m\u00e1s informaci\u00f3n y concertar una visita. Esta oficina en la Condesa podr\u00eda ser el espacio perfecto para llevar tu negocio al siguiente nivel.<br \/>\nNo dudes en ponerte en contacto con nosotros para obtener m\u00e1s informaci\u00f3n y concertar una visita<\/p>\n","protected":false},"excerpt":{"rendered":"<p>Esta oficina en la C<\/p>\n","protected":false},"featured_media":16449,"template":"","meta":[],"product_brand":[],"product_cat":[108],"product_tag":[],"class_list":{"0":"post-16810","1":"product","2":"type-product","3":"status-publish","4":"has-post-thumbnail","6":"product_cat-oficinas-zh-hans","8":"first","9":"instock","10":"shipping-taxable","11":"product-type-simple"},"yoast_head":"<!-- This site is optimized with the Yoast SEO plugin v27.4 - https:\/\/yoast.com\/product\/yoast-seo-wordpress\/ -->\n<title>Oficina en Ciudad de M\u00e9xico - \u58a8\u83f2\u623f\u4ea7<\/title>\n<meta name=\"robots\" content=\"index, follow, max-snippet:-1, max-image-preview:large, max-video-preview:-1\" \/>\n<link rel=\"canonical\" href=\"https:\/\/murphyhome.com.mx\/zh-hans\/producto\/oficina-en-ciudad-de-mexico\/\" \/>\n<meta property=\"og:locale\" content=\"zh_CN\" \/>\n<meta property=\"og:type\" content=\"article\" \/>\n<meta property=\"og:title\" content=\"Oficina en Ciudad de M\u00e9xico - \u58a8\u83f2\u623f\u4ea7\" \/>\n<meta property=\"og:description\" content=\"Esta oficina en la C\" \/>\n<meta property=\"og:url\" content=\"https:\/\/murphyhome.com.mx\/zh-hans\/producto\/oficina-en-ciudad-de-mexico\/\" \/>\n<meta property=\"og:site_name\" content=\"\u58a8\u83f2\u623f\u4ea7\" \/>\n<meta property=\"article:modified_time\" content=\"2024-02-19T05:04:21+00:00\" \/>\n<meta property=\"og:image\" content=\"https:\/\/murphyhome.com.mx\/wp-content\/uploads\/2023\/12\/IMG_5621.jpg\" \/>\n\t<meta property=\"og:image:width\" content=\"1179\" \/>\n\t<meta property=\"og:image:height\" content=\"864\" \/>\n\t<meta property=\"og:image:type\" content=\"image\/jpeg\" \/>\n<meta name=\"twitter:card\" content=\"summary_large_image\" \/>\n<meta name=\"twitter:label1\" content=\"\u9884\u8ba1\u9605\u8bfb\u65f6\u95f4\" \/>\n\t<meta name=\"twitter:data1\" content=\"1 \u5206\" \/>\n<script type=\"application\/ld+json\" class=\"yoast-schema-graph\">{\"@context\":\"https:\\\/\\\/schema.org\",\"@graph\":[{\"@type\":\"WebPage\",\"@id\":\"https:\\\/\\\/murphyhome.com.mx\\\/zh-hans\\\/producto\\\/oficina-en-ciudad-de-mexico\\\/\",\"url\":\"https:\\\/\\\/murphyhome.com.mx\\\/zh-hans\\\/producto\\\/oficina-en-ciudad-de-mexico\\\/\",\"name\":\"Oficina en Ciudad de M\u00e9xico - \u58a8\u83f2\u623f\u4ea7\",\"isPartOf\":{\"@id\":\"https:\\\/\\\/murphyhome.com.mx\\\/zh-hans\\\/#website\"},\"primaryImageOfPage\":{\"@id\":\"https:\\\/\\\/murphyhome.com.mx\\\/zh-hans\\\/producto\\\/oficina-en-ciudad-de-mexico\\\/#primaryimage\"},\"image\":{\"@id\":\"https:\\\/\\\/murphyhome.com.mx\\\/zh-hans\\\/producto\\\/oficina-en-ciudad-de-mexico\\\/#primaryimage\"},\"thumbnailUrl\":\"https:\\\/\\\/murphyhome.com.mx\\\/wp-content\\\/uploads\\\/2023\\\/12\\\/IMG_5621.jpg\",\"datePublished\":\"2024-01-24T08:57:01+00:00\",\"dateModified\":\"2024-02-19T05:04:21+00:00\",\"breadcrumb\":{\"@id\":\"https:\\\/\\\/murphyhome.com.mx\\\/zh-hans\\\/producto\\\/oficina-en-ciudad-de-mexico\\\/#breadcrumb\"},\"inLanguage\":\"zh-Hans\",\"potentialAction\":[{\"@type\":\"ReadAction\",\"target\":[\"https:\\\/\\\/murphyhome.com.mx\\\/zh-hans\\\/producto\\\/oficina-en-ciudad-de-mexico\\\/\"]}]},{\"@type\":\"ImageObject\",\"inLanguage\":\"zh-Hans\",\"@id\":\"https:\\\/\\\/murphyhome.com.mx\\\/zh-hans\\\/producto\\\/oficina-en-ciudad-de-mexico\\\/#primaryimage\",\"url\":\"https:\\\/\\\/murphyhome.com.mx\\\/wp-content\\\/uploads\\\/2023\\\/12\\\/IMG_5621.jpg\",\"contentUrl\":\"https:\\\/\\\/murphyhome.com.mx\\\/wp-content\\\/uploads\\\/2023\\\/12\\\/IMG_5621.jpg\",\"width\":1179,\"height\":864},{\"@type\":\"BreadcrumbList\",\"@id\":\"https:\\\/\\\/murphyhome.com.mx\\\/zh-hans\\\/producto\\\/oficina-en-ciudad-de-mexico\\\/#breadcrumb\",\"itemListElement\":[{\"@type\":\"ListItem\",\"position\":1,\"name\":\"\u9996\u9875\",\"item\":\"https:\\\/\\\/murphyhome.com.mx\\\/zh-hans\\\/\"},{\"@type\":\"ListItem\",\"position\":2,\"name\":\"\u623f\u6e90\u5206\u5e03\",\"item\":\"https:\\\/\\\/murphyhome.com.mx\\\/zh-hans\\\/encuentra-una-propiedad\\\/\"},{\"@type\":\"ListItem\",\"position\":3,\"name\":\"Oficina en Ciudad de M\u00e9xico\"}]},{\"@type\":\"WebSite\",\"@id\":\"https:\\\/\\\/murphyhome.com.mx\\\/zh-hans\\\/#website\",\"url\":\"https:\\\/\\\/murphyhome.com.mx\\\/zh-hans\\\/\",\"name\":\"\u58a8\u83f2\u623f\u4ea7\",\"description\":\"\",\"potentialAction\":[{\"@type\":\"SearchAction\",\"target\":{\"@type\":\"EntryPoint\",\"urlTemplate\":\"https:\\\/\\\/murphyhome.com.mx\\\/zh-hans\\\/?s={search_term_string}\"},\"query-input\":{\"@type\":\"PropertyValueSpecification\",\"valueRequired\":true,\"valueName\":\"search_term_string\"}}],\"inLanguage\":\"zh-Hans\"}]}<\/script>\n<!-- \/ Yoast SEO plugin. -->","yoast_head_json":{"title":"Oficina en Ciudad de M\u00e9xico - \u58a8\u83f2\u623f\u4ea7","robots":{"index":"index","follow":"follow","max-snippet":"max-snippet:-1","max-image-preview":"max-image-preview:large","max-video-preview":"max-video-preview:-1"},"canonical":"https:\/\/murphyhome.com.mx\/zh-hans\/producto\/oficina-en-ciudad-de-mexico\/","og_locale":"zh_CN","og_type":"article","og_title":"Oficina en Ciudad de M\u00e9xico - \u58a8\u83f2\u623f\u4ea7","og_description":"Esta oficina en la C","og_url":"https:\/\/murphyhome.com.mx\/zh-hans\/producto\/oficina-en-ciudad-de-mexico\/","og_site_name":"\u58a8\u83f2\u623f\u4ea7","article_modified_time":"2024-02-19T05:04:21+00:00","og_image":[{"width":1179,"height":864,"url":"https:\/\/murphyhome.com.mx\/wp-content\/uploads\/2023\/12\/IMG_5621.jpg","type":"image\/jpeg"}],"twitter_card":"summary_large_image","twitter_misc":{"\u9884\u8ba1\u9605\u8bfb\u65f6\u95f4":"1 \u5206"},"schema":{"@context":"https:\/\/schema.org","@graph":[{"@type":"WebPage","@id":"https:\/\/murphyhome.com.mx\/zh-hans\/producto\/oficina-en-ciudad-de-mexico\/","url":"https:\/\/murphyhome.com.mx\/zh-hans\/producto\/oficina-en-ciudad-de-mexico\/","name":"Oficina en Ciudad de M\u00e9xico - \u58a8\u83f2\u623f\u4ea7","isPartOf":{"@id":"https:\/\/murphyhome.com.mx\/zh-hans\/#website"},"primaryImageOfPage":{"@id":"https:\/\/murphyhome.com.mx\/zh-hans\/producto\/oficina-en-ciudad-de-mexico\/#primaryimage"},"image":{"@id":"https:\/\/murphyhome.com.mx\/zh-hans\/producto\/oficina-en-ciudad-de-mexico\/#primaryimage"},"thumbnailUrl":"https:\/\/murphyhome.com.mx\/wp-content\/uploads\/2023\/12\/IMG_5621.jpg","datePublished":"2024-01-24T08:57:01+00:00","dateModified":"2024-02-19T05:04:21+00:00","breadcrumb":{"@id":"https:\/\/murphyhome.com.mx\/zh-hans\/producto\/oficina-en-ciudad-de-mexico\/#breadcrumb"},"inLanguage":"zh-Hans","potentialAction":[{"@type":"ReadAction","target":["https:\/\/murphyhome.com.mx\/zh-hans\/producto\/oficina-en-ciudad-de-mexico\/"]}]},{"@type":"ImageObject","inLanguage":"zh-Hans","@id":"https:\/\/murphyhome.com.mx\/zh-hans\/producto\/oficina-en-ciudad-de-mexico\/#primaryimage","url":"https:\/\/murphyhome.com.mx\/wp-content\/uploads\/2023\/12\/IMG_5621.jpg","contentUrl":"https:\/\/murphyhome.com.mx\/wp-content\/uploads\/2023\/12\/IMG_5621.jpg","width":1179,"height":864},{"@type":"BreadcrumbList","@id":"https:\/\/murphyhome.com.mx\/zh-hans\/producto\/oficina-en-ciudad-de-mexico\/#breadcrumb","itemListElement":[{"@type":"ListItem","position":1,"name":"\u9996\u9875","item":"https:\/\/murphyhome.com.mx\/zh-hans\/"},{"@type":"ListItem","position":2,"name":"\u623f\u6e90\u5206\u5e03","item":"https:\/\/murphyhome.com.mx\/zh-hans\/encuentra-una-propiedad\/"},{"@type":"ListItem","position":3,"name":"Oficina en Ciudad de M\u00e9xico"}]},{"@type":"WebSite","@id":"https:\/\/murphyhome.com.mx\/zh-hans\/#website","url":"https:\/\/murphyhome.com.mx\/zh-hans\/","name":"\u58a8\u83f2\u623f\u4ea7","description":"","potentialAction":[{"@type":"SearchAction","target":{"@type":"EntryPoint","urlTemplate":"https:\/\/murphyhome.com.mx\/zh-hans\/?s={search_term_string}"},"query-input":{"@type":"PropertyValueSpecification","valueRequired":true,"valueName":"search_term_string"}}],"inLanguage":"zh-Hans"}]}},"_links":{"self":[{"href":"https:\/\/murphyhome.com.mx\/zh-hans\/wp-json\/wp\/v2\/product\/16810","targetHints":{"allow":["GET"]}}],"collection":[{"href":"https:\/\/murphyhome.com.mx\/zh-hans\/wp-json\/wp\/v2\/product"}],"about":[{"href":"https:\/\/murphyhome.com.mx\/zh-hans\/wp-json\/wp\/v2\/types\/product"}],"version-history":[{"count":2,"href":"https:\/\/murphyhome.com.mx\/zh-hans\/wp-json\/wp\/v2\/product\/16810\/revisions"}],"predecessor-version":[{"id":16882,"href":"https:\/\/murphyhome.com.mx\/zh-hans\/wp-json\/wp\/v2\/product\/16810\/revisions\/16882"}],"wp:featuredmedia":[{"embeddable":true,"href":"https:\/\/murphyhome.com.mx\/zh-hans\/wp-json\/wp\/v2\/media\/16449"}],"wp:attachment":[{"href":"https:\/\/murphyhome.com.mx\/zh-hans\/wp-json\/wp\/v2\/media?parent=16810"}],"wp:term":[{"taxonomy":"product_brand","embeddable":true,"href":"https:\/\/murphyhome.com.mx\/zh-hans\/wp-json\/wp\/v2\/product_brand?post=16810"},{"taxonomy":"product_cat","embeddable":true,"href":"https:\/\/murphyhome.com.mx\/zh-hans\/wp-json\/wp\/v2\/product_cat?post=16810"},{"taxonomy":"product_tag","embeddable":true,"href":"https:\/\/murphyhome.com.mx\/zh-hans\/wp-json\/wp\/v2\/product_tag?post=16810"}],"curies":[{"name":"wp","href":"https:\/\/api.w.org\/{rel}","templated":true}]}}