{"id":16797,"date":"2023-12-24T04:40:24","date_gmt":"2023-12-24T04:40:24","guid":{"rendered":"https:\/\/murphyhome.com.mx\/producto\/be-grand-polanco-torre-4\/"},"modified":"2024-01-24T13:04:55","modified_gmt":"2024-01-24T13:04:55","slug":"be-grand-polanco-torre-4","status":"publish","type":"product","link":"https:\/\/murphyhome.com.mx\/zh-hans\/producto\/be-grand-polanco-torre-4\/","title":{"rendered":"Be Grand Polanco Torre 4"},"content":{"rendered":"<p>\u00a1Oportunidad \u00fanica en Be Grand Polanco, Torre 4 Polanco, Ciudad de M\u00e9xico ! Caracter\u00edsticas del departamento: 3 rec\u00e1maras Amplia sala y terraza 2 ba\u00f1os Cocina integral Superficie de 110 metros cuadrados<br \/>\nPrecio exclusivo para ti en persona. \u00a1Este departamento est\u00e1 en venta!<br \/>\nAmenidades de lujo: Alberca Gimnasio Jacuzzi Chapoteadero Vestidores con regaderas, vapor y sauna Sal\u00f3n de spinning Sal\u00f3n para eventos sociales Sal\u00f3n de J\u00f3venes \u00c1reas verdes Zona de juegos infantiles Ludoteca<\/p>\n<p>Ubicaci\u00f3n privilegiada: A solo tres minutos de Polanco Cercano a corporativos, Plaza Carso, colegios, Torres Pemex y Bancomer Liverpool Polanco Centros comerciales, clubes deportivos, restaurantes y parques \u00a1No pierdas la oportunidad de adquirir este maravilloso departamento! Cont\u00e1ctanos para m\u00e1s informaci\u00f3n o para agendar una visita.<\/p>\n","protected":false},"excerpt":{"rendered":"<p>\u00a1Oportunidad \u00fanica en Be Grand Polanco, Torre 4 Polanco, Ciudad de M\u00e9xico !<br \/>\nCaracter\u00edsticas del departamento:<\/p>\n<p>3 rec\u00e1maras<br \/>\nAmplia sala y terraza<br \/>\n2 ba\u00f1os<br \/>\nCocina integral<br \/>\nSuperficie de 110 metros cuadrados<\/p>\n","protected":false},"featured_media":16448,"template":"","meta":[],"product_brand":[],"product_cat":[106],"product_tag":[],"class_list":{"0":"post-16797","1":"product","2":"type-product","3":"status-publish","4":"has-post-thumbnail","6":"product_cat-departamentos-zh-hans","8":"first","9":"instock","10":"shipping-taxable","11":"product-type-simple"},"yoast_head":"<!-- This site is optimized with the Yoast SEO plugin v27.4 - https:\/\/yoast.com\/product\/yoast-seo-wordpress\/ -->\n<title>Be Grand Polanco Torre 4 - \u58a8\u83f2\u623f\u4ea7<\/title>\n<meta name=\"robots\" content=\"index, follow, max-snippet:-1, max-image-preview:large, max-video-preview:-1\" \/>\n<link rel=\"canonical\" href=\"https:\/\/murphyhome.com.mx\/zh-hans\/producto\/be-grand-polanco-torre-4\/\" \/>\n<meta property=\"og:locale\" content=\"zh_CN\" \/>\n<meta property=\"og:type\" content=\"article\" \/>\n<meta property=\"og:title\" content=\"Be Grand Polanco Torre 4 - \u58a8\u83f2\u623f\u4ea7\" \/>\n<meta property=\"og:description\" content=\"\u00a1Oportunidad \u00fanica en Be Grand Polanco, Torre 4 Polanco, Ciudad de M\u00e9xico ! Caracter\u00edsticas del departamento: 3 rec\u00e1maras Amplia sala y terraza 2 ba\u00f1os Cocina integral Superficie de 110 metros cuadrados\" \/>\n<meta property=\"og:url\" content=\"https:\/\/murphyhome.com.mx\/zh-hans\/producto\/be-grand-polanco-torre-4\/\" \/>\n<meta property=\"og:site_name\" content=\"\u58a8\u83f2\u623f\u4ea7\" \/>\n<meta property=\"article:modified_time\" content=\"2024-01-24T13:04:55+00:00\" \/>\n<meta property=\"og:image\" content=\"https:\/\/murphyhome.com.mx\/wp-content\/uploads\/2023\/12\/departamento6.jpg\" \/>\n\t<meta property=\"og:image:width\" content=\"518\" \/>\n\t<meta property=\"og:image:height\" content=\"348\" \/>\n\t<meta property=\"og:image:type\" content=\"image\/jpeg\" \/>\n<meta name=\"twitter:card\" content=\"summary_large_image\" \/>\n<meta name=\"twitter:label1\" content=\"\u9884\u8ba1\u9605\u8bfb\u65f6\u95f4\" \/>\n\t<meta name=\"twitter:data1\" content=\"1 \u5206\" \/>\n<script type=\"application\/ld+json\" class=\"yoast-schema-graph\">{\"@context\":\"https:\\\/\\\/schema.org\",\"@graph\":[{\"@type\":\"WebPage\",\"@id\":\"https:\\\/\\\/murphyhome.com.mx\\\/zh-hans\\\/producto\\\/be-grand-polanco-torre-4\\\/\",\"url\":\"https:\\\/\\\/murphyhome.com.mx\\\/zh-hans\\\/producto\\\/be-grand-polanco-torre-4\\\/\",\"name\":\"Be Grand Polanco Torre 4 - \u58a8\u83f2\u623f\u4ea7\",\"isPartOf\":{\"@id\":\"https:\\\/\\\/murphyhome.com.mx\\\/zh-hans\\\/#website\"},\"primaryImageOfPage\":{\"@id\":\"https:\\\/\\\/murphyhome.com.mx\\\/zh-hans\\\/producto\\\/be-grand-polanco-torre-4\\\/#primaryimage\"},\"image\":{\"@id\":\"https:\\\/\\\/murphyhome.com.mx\\\/zh-hans\\\/producto\\\/be-grand-polanco-torre-4\\\/#primaryimage\"},\"thumbnailUrl\":\"https:\\\/\\\/murphyhome.com.mx\\\/wp-content\\\/uploads\\\/2023\\\/12\\\/departamento6.jpg\",\"datePublished\":\"2023-12-24T04:40:24+00:00\",\"dateModified\":\"2024-01-24T13:04:55+00:00\",\"breadcrumb\":{\"@id\":\"https:\\\/\\\/murphyhome.com.mx\\\/zh-hans\\\/producto\\\/be-grand-polanco-torre-4\\\/#breadcrumb\"},\"inLanguage\":\"zh-Hans\",\"potentialAction\":[{\"@type\":\"ReadAction\",\"target\":[\"https:\\\/\\\/murphyhome.com.mx\\\/zh-hans\\\/producto\\\/be-grand-polanco-torre-4\\\/\"]}]},{\"@type\":\"ImageObject\",\"inLanguage\":\"zh-Hans\",\"@id\":\"https:\\\/\\\/murphyhome.com.mx\\\/zh-hans\\\/producto\\\/be-grand-polanco-torre-4\\\/#primaryimage\",\"url\":\"https:\\\/\\\/murphyhome.com.mx\\\/wp-content\\\/uploads\\\/2023\\\/12\\\/departamento6.jpg\",\"contentUrl\":\"https:\\\/\\\/murphyhome.com.mx\\\/wp-content\\\/uploads\\\/2023\\\/12\\\/departamento6.jpg\",\"width\":518,\"height\":348},{\"@type\":\"BreadcrumbList\",\"@id\":\"https:\\\/\\\/murphyhome.com.mx\\\/zh-hans\\\/producto\\\/be-grand-polanco-torre-4\\\/#breadcrumb\",\"itemListElement\":[{\"@type\":\"ListItem\",\"position\":1,\"name\":\"\u9996\u9875\",\"item\":\"https:\\\/\\\/murphyhome.com.mx\\\/zh-hans\\\/\"},{\"@type\":\"ListItem\",\"position\":2,\"name\":\"\u623f\u6e90\u5206\u5e03\",\"item\":\"https:\\\/\\\/murphyhome.com.mx\\\/zh-hans\\\/encuentra-una-propiedad\\\/\"},{\"@type\":\"ListItem\",\"position\":3,\"name\":\"Be Grand Polanco Torre 4\"}]},{\"@type\":\"WebSite\",\"@id\":\"https:\\\/\\\/murphyhome.com.mx\\\/zh-hans\\\/#website\",\"url\":\"https:\\\/\\\/murphyhome.com.mx\\\/zh-hans\\\/\",\"name\":\"\u58a8\u83f2\u623f\u4ea7\",\"description\":\"\",\"potentialAction\":[{\"@type\":\"SearchAction\",\"target\":{\"@type\":\"EntryPoint\",\"urlTemplate\":\"https:\\\/\\\/murphyhome.com.mx\\\/zh-hans\\\/?s={search_term_string}\"},\"query-input\":{\"@type\":\"PropertyValueSpecification\",\"valueRequired\":true,\"valueName\":\"search_term_string\"}}],\"inLanguage\":\"zh-Hans\"}]}<\/script>\n<!-- \/ Yoast SEO plugin. -->","yoast_head_json":{"title":"Be Grand Polanco Torre 4 - \u58a8\u83f2\u623f\u4ea7","robots":{"index":"index","follow":"follow","max-snippet":"max-snippet:-1","max-image-preview":"max-image-preview:large","max-video-preview":"max-video-preview:-1"},"canonical":"https:\/\/murphyhome.com.mx\/zh-hans\/producto\/be-grand-polanco-torre-4\/","og_locale":"zh_CN","og_type":"article","og_title":"Be Grand Polanco Torre 4 - \u58a8\u83f2\u623f\u4ea7","og_description":"\u00a1Oportunidad \u00fanica en Be Grand Polanco, Torre 4 Polanco, Ciudad de M\u00e9xico ! Caracter\u00edsticas del departamento: 3 rec\u00e1maras Amplia sala y terraza 2 ba\u00f1os Cocina integral Superficie de 110 metros cuadrados","og_url":"https:\/\/murphyhome.com.mx\/zh-hans\/producto\/be-grand-polanco-torre-4\/","og_site_name":"\u58a8\u83f2\u623f\u4ea7","article_modified_time":"2024-01-24T13:04:55+00:00","og_image":[{"width":518,"height":348,"url":"https:\/\/murphyhome.com.mx\/wp-content\/uploads\/2023\/12\/departamento6.jpg","type":"image\/jpeg"}],"twitter_card":"summary_large_image","twitter_misc":{"\u9884\u8ba1\u9605\u8bfb\u65f6\u95f4":"1 \u5206"},"schema":{"@context":"https:\/\/schema.org","@graph":[{"@type":"WebPage","@id":"https:\/\/murphyhome.com.mx\/zh-hans\/producto\/be-grand-polanco-torre-4\/","url":"https:\/\/murphyhome.com.mx\/zh-hans\/producto\/be-grand-polanco-torre-4\/","name":"Be Grand Polanco Torre 4 - \u58a8\u83f2\u623f\u4ea7","isPartOf":{"@id":"https:\/\/murphyhome.com.mx\/zh-hans\/#website"},"primaryImageOfPage":{"@id":"https:\/\/murphyhome.com.mx\/zh-hans\/producto\/be-grand-polanco-torre-4\/#primaryimage"},"image":{"@id":"https:\/\/murphyhome.com.mx\/zh-hans\/producto\/be-grand-polanco-torre-4\/#primaryimage"},"thumbnailUrl":"https:\/\/murphyhome.com.mx\/wp-content\/uploads\/2023\/12\/departamento6.jpg","datePublished":"2023-12-24T04:40:24+00:00","dateModified":"2024-01-24T13:04:55+00:00","breadcrumb":{"@id":"https:\/\/murphyhome.com.mx\/zh-hans\/producto\/be-grand-polanco-torre-4\/#breadcrumb"},"inLanguage":"zh-Hans","potentialAction":[{"@type":"ReadAction","target":["https:\/\/murphyhome.com.mx\/zh-hans\/producto\/be-grand-polanco-torre-4\/"]}]},{"@type":"ImageObject","inLanguage":"zh-Hans","@id":"https:\/\/murphyhome.com.mx\/zh-hans\/producto\/be-grand-polanco-torre-4\/#primaryimage","url":"https:\/\/murphyhome.com.mx\/wp-content\/uploads\/2023\/12\/departamento6.jpg","contentUrl":"https:\/\/murphyhome.com.mx\/wp-content\/uploads\/2023\/12\/departamento6.jpg","width":518,"height":348},{"@type":"BreadcrumbList","@id":"https:\/\/murphyhome.com.mx\/zh-hans\/producto\/be-grand-polanco-torre-4\/#breadcrumb","itemListElement":[{"@type":"ListItem","position":1,"name":"\u9996\u9875","item":"https:\/\/murphyhome.com.mx\/zh-hans\/"},{"@type":"ListItem","position":2,"name":"\u623f\u6e90\u5206\u5e03","item":"https:\/\/murphyhome.com.mx\/zh-hans\/encuentra-una-propiedad\/"},{"@type":"ListItem","position":3,"name":"Be Grand Polanco Torre 4"}]},{"@type":"WebSite","@id":"https:\/\/murphyhome.com.mx\/zh-hans\/#website","url":"https:\/\/murphyhome.com.mx\/zh-hans\/","name":"\u58a8\u83f2\u623f\u4ea7","description":"","potentialAction":[{"@type":"SearchAction","target":{"@type":"EntryPoint","urlTemplate":"https:\/\/murphyhome.com.mx\/zh-hans\/?s={search_term_string}"},"query-input":{"@type":"PropertyValueSpecification","valueRequired":true,"valueName":"search_term_string"}}],"inLanguage":"zh-Hans"}]}},"_links":{"self":[{"href":"https:\/\/murphyhome.com.mx\/zh-hans\/wp-json\/wp\/v2\/product\/16797","targetHints":{"allow":["GET"]}}],"collection":[{"href":"https:\/\/murphyhome.com.mx\/zh-hans\/wp-json\/wp\/v2\/product"}],"about":[{"href":"https:\/\/murphyhome.com.mx\/zh-hans\/wp-json\/wp\/v2\/types\/product"}],"version-history":[{"count":2,"href":"https:\/\/murphyhome.com.mx\/zh-hans\/wp-json\/wp\/v2\/product\/16797\/revisions"}],"predecessor-version":[{"id":16829,"href":"https:\/\/murphyhome.com.mx\/zh-hans\/wp-json\/wp\/v2\/product\/16797\/revisions\/16829"}],"wp:featuredmedia":[{"embeddable":true,"href":"https:\/\/murphyhome.com.mx\/zh-hans\/wp-json\/wp\/v2\/media\/16448"}],"wp:attachment":[{"href":"https:\/\/murphyhome.com.mx\/zh-hans\/wp-json\/wp\/v2\/media?parent=16797"}],"wp:term":[{"taxonomy":"product_brand","embeddable":true,"href":"https:\/\/murphyhome.com.mx\/zh-hans\/wp-json\/wp\/v2\/product_brand?post=16797"},{"taxonomy":"product_cat","embeddable":true,"href":"https:\/\/murphyhome.com.mx\/zh-hans\/wp-json\/wp\/v2\/product_cat?post=16797"},{"taxonomy":"product_tag","embeddable":true,"href":"https:\/\/murphyhome.com.mx\/zh-hans\/wp-json\/wp\/v2\/product_tag?post=16797"}],"curies":[{"name":"wp","href":"https:\/\/api.w.org\/{rel}","templated":true}]}}